{"id":3812,"date":"2024-04-05T13:04:05","date_gmt":"2024-04-05T13:04:05","guid":{"rendered":"https:\/\/atomypolska.pl\/?page_id=3812"},"modified":"2024-11-26T23:12:29","modified_gmt":"2024-11-26T23:12:29","slug":"rejestracja","status":"publish","type":"page","link":"https:\/\/egosing.pl\/biznes-atomy\/rejestracja\/","title":{"rendered":"Rejestracja"},"content":{"rendered":"\t\t<div data-elementor-type=\"wp-page\" data-elementor-id=\"3812\" class=\"elementor elementor-3812\">\n\t\t\t\t\t\t<section class=\"elementor-section elementor-top-section elementor-element elementor-element-24c89b5c elementor-section-boxed elementor-section-height-default elementor-section-height-default\" data-id=\"24c89b5c\" data-element_type=\"section\">\n\t\t\t\t\t\t<div class=\"elementor-container elementor-column-gap-default\">\n\t\t\t\t\t<div class=\"elementor-column elementor-col-100 elementor-top-column elementor-element elementor-element-5d3b995c\" data-id=\"5d3b995c\" data-element_type=\"column\">\n\t\t\t<div class=\"elementor-widget-wrap elementor-element-populated\">\n\t\t\t\t\t\t<div class=\"elementor-element elementor-element-7f9deb66 elementor-widget elementor-widget-text-editor\" data-id=\"7f9deb66\" data-element_type=\"widget\" data-widget_type=\"text-editor.default\">\n\t\t\t\t<div class=\"elementor-widget-container\">\n\t\t\t\t\t\t\t<h1>Zarejestruj si\u0119 na stronie na oficjalnej stronie Atomy<\/h1><p>Ni\u017cej znajdziesz dok\u0142adny opis KROK PO KROKU JAK zarejestrowa\u0107 si\u0119!<\/p><p>Podczas rejestracji b\u0119d\u0105 potrzebne Twoje pe\u0142ne dane by mog\u0142e\u015b JAK NAJSZYBCIEJ otrzymywa\u0107 doch\u00f3d zgodnie z przepisami RP i wymaganiami Urz\u0119du Skarbowego.<\/p><h2>Przygotuj informacje:<\/h2><p>1. E-mail\u00a0 (gmail.com, hotmail.com, yahoo.com, icloud.com)<\/p><p>2. Imie, Nazwisko, adres zamieszkania<\/p><p>3. Dokumenty: dow\u00f3d, pesel wraz z ich zdj\u0119ciami<\/p><p>4. ID sponsora (aby dowiedzie\u0107 si\u0119 aktualny ID zadzwo\u0144 pod tel: 508444264.<\/p><p>Po rejestracji tutaj b\u0119dzie podawany r\u00f3wnie\u017c Tw\u00f3j ID by budowa\u0107 Tw\u00f3j biznes Atomy)<\/p><h2>Rejestracja w 5 KROKACH<\/h2><h2>Krok 1<\/h2><p>Aby zarejestrowa\u0107 si\u0119 wejd\u017a na Oficjaln\u0105 stron\u0119\u00a0 Atomy Europe &#8211;\u00a0 <a href=\"https:\/\/shop.atomy.com\/eu\" target=\"_blank\" rel=\"noopener\">Shop.Atomy.com\/eu<\/a><\/p><p>Naci\u015bnij na krzy\u017cyk by zamkn\u0105\u0107 okno reklamy.<\/p><p><img fetchpriority=\"high\" decoding=\"async\" title=\"1\" src=\"https:\/\/egosing.pl\/biznes-atomy\/wp-content\/uploads\/2024\/04\/1.jpg\" alt=\"\" width=\"1342\" height=\"606\" data-op3-attachment-id=\"3821\" \/><\/p><p>Je\u017celi otworzy\u0142o si\u0119 okno w j\u0119zyku Korea\u0144skim, to naci\u015bnij na globus w rogu i wybierz opcj\u0119 English(Europe)<\/p><p><img decoding=\"async\" title=\"1-1\" src=\"https:\/\/egosing.pl\/biznes-atomy\/wp-content\/uploads\/2024\/04\/1-1.jpg\" alt=\"\" width=\"1350\" height=\"612\" data-op3-attachment-id=\"3822\" \/><img decoding=\"async\" title=\"1-2\" src=\"https:\/\/egosing.pl\/biznes-atomy\/wp-content\/uploads\/2024\/04\/1-2.jpg\" alt=\"\" width=\"1340\" height=\"612\" data-op3-attachment-id=\"3823\" \/><\/p><p>Zaakceptuj ciasteczka i naci\u015bnij napis Join Us (Do\u0142\u0105cz do Nas)<\/p><p><img loading=\"lazy\" decoding=\"async\" title=\"Image2\" src=\"https:\/\/egosing.pl\/biznes-atomy\/wp-content\/uploads\/2024\/04\/Image2.jpg\" alt=\"\" width=\"1346\" height=\"616\" data-op3-attachment-id=\"3824\" \/><\/p><h2>Krok 2<\/h2><p>Rozpoczynamy rejestracj\u0119! Wybierz spos\u00f3b wsp\u00f3\u0142pracy &#8211; Distributor<\/p><p><img loading=\"lazy\" decoding=\"async\" title=\"Image3\" src=\"https:\/\/egosing.pl\/biznes-atomy\/wp-content\/uploads\/2024\/04\/Image3-1.jpg\" alt=\"\" width=\"754\" height=\"556\" data-op3-attachment-id=\"3832\" \/><\/p><p>Zaakceptuj Regulamin, Polityk\u0119 Prywatno\u015bci oraz Regulamin Sprzeda\u017cy i wci\u015bnij\u00a0 Next<\/p><p><img loading=\"lazy\" decoding=\"async\" title=\"Image4\" src=\"https:\/\/egosing.pl\/biznes-atomy\/wp-content\/uploads\/2024\/04\/Image4.jpg\" alt=\"\" width=\"856\" height=\"532\" data-op3-attachment-id=\"3834\" \/><\/p><h2>Krok 3<\/h2><p>Wpisz w pole pocz\u0105tek adresu mail a dalej wybierz nazw\u0119, kt\u00f3r\u0105 masz w adresu mail.<\/p><p><img loading=\"lazy\" decoding=\"async\" title=\"Image8\" src=\"https:\/\/egosing.pl\/biznes-atomy\/wp-content\/uploads\/2024\/04\/Image8.jpg\" alt=\"\" width=\"856\" height=\"439\" data-op3-attachment-id=\"3836\" \/><\/p><p>Naci\u015bnij przycisk by zweryfikowa\u0107 tw\u00f3j adres mail<\/p><p><img loading=\"lazy\" decoding=\"async\" title=\"Image10\" src=\"https:\/\/egosing.pl\/biznes-atomy\/wp-content\/uploads\/2024\/04\/Image10.jpg\" alt=\"\" width=\"857\" height=\"418\" data-op3-attachment-id=\"3840\" \/><\/p><p>Na tw\u00f3j mail przyszed\u0142 list z numerem do weryfikacji, wpisz ten numer w tabele jak pokazano ni\u017cej i naci\u015bnij Confirm<\/p><p><img loading=\"lazy\" decoding=\"async\" title=\"Image11\" src=\"https:\/\/egosing.pl\/biznes-atomy\/wp-content\/uploads\/2024\/04\/Image11.jpg\" alt=\"\" width=\"630\" height=\"514\" data-op3-attachment-id=\"3838\" \/><\/p><p>Gdy pojawi si\u0119 informacja, ze e-mail ju\u017c zweryfikowany naci\u015bnij Next<\/p><p><img loading=\"lazy\" decoding=\"async\" title=\"Image13\" src=\"https:\/\/egosing.pl\/biznes-atomy\/wp-content\/uploads\/2024\/04\/Image13.jpg\" alt=\"\" width=\"632\" height=\"544\" data-op3-attachment-id=\"3839\" \/><\/p><h2>Krok 4<\/h2><p>Wybierz kod Polski &#8211; 48 i wpisz sw\u00f3j nr telefonu<\/p><p><img loading=\"lazy\" decoding=\"async\" title=\"Image15\" src=\"https:\/\/egosing.pl\/biznes-atomy\/wp-content\/uploads\/2024\/04\/Image15.jpg\" alt=\"\" width=\"854\" height=\"610\" data-op3-attachment-id=\"3844\" \/><\/p><p>Wype\u0142nij inne dane w tabeli i wci\u015bnij Next<\/p><p><img loading=\"lazy\" decoding=\"async\" title=\"Image16\" src=\"https:\/\/egosing.pl\/biznes-atomy\/wp-content\/uploads\/2024\/04\/Image16.jpg\" alt=\"\" width=\"852\" height=\"612\" data-op3-attachment-id=\"3845\" \/><\/p><p>Wype\u0142nij tabele, adres zacznij od koda i automatycznie b\u0119dzie zaproponowany adres &#8211; wybierz odpowiedni<\/p><p><img loading=\"lazy\" decoding=\"async\" title=\"Image17\" src=\"https:\/\/egosing.pl\/biznes-atomy\/wp-content\/uploads\/2024\/04\/Image17.jpg\" alt=\"\" width=\"856\" height=\"598\" data-op3-attachment-id=\"3847\" \/><\/p><p>Wype\u0142nij dane w tabeli i wci\u015bnij Next<\/p><p><img loading=\"lazy\" decoding=\"async\" title=\"Image18\" src=\"https:\/\/egosing.pl\/biznes-atomy\/wp-content\/uploads\/2024\/04\/Image18.jpg\" alt=\"\" width=\"854\" height=\"570\" data-op3-attachment-id=\"3848\" \/><\/p><h2>Krok 5<\/h2><p>To ju\u017c prawie koniec! Pozosta\u0142 wybra\u0107 Sponsora By to zrobi\u0107 wci\u015bnij Yes i Next<\/p><p><img loading=\"lazy\" decoding=\"async\" title=\"Image19\" src=\"https:\/\/egosing.pl\/biznes-atomy\/wp-content\/uploads\/2024\/04\/Image19.jpg\" alt=\"\" width=\"780\" height=\"610\" data-op3-attachment-id=\"3851\" \/><\/p><p>Dalej b\u0119dziesz proszony o nr ID Sponsora.<\/p><p><strong>Uwaga! By dowiedzie\u0107 si\u0119 zadzwo\u0144 lub napisz SMS na nr +48 508 444 264 z pro\u015bb\u0105 o otrzymania numeru ID.<\/strong><\/p><p>Po rejestracji tutaj b\u0119dzie podawany r\u00f3wnie\u017c Tw\u00f3j ID by budowa\u0107 Tw\u00f3j biznes Atomy.<\/p><p>Numer ID trzeba wpisa\u0107 w miejsce w formie i nacisn\u0105\u0107 LUP\u0118.<\/p><p>Po chwili zostan\u0105 pokazane dane Sponsora, trzeba je zaakceptowa\u0107 i w\u0142a\u015bciwie to wszystko!<\/p><p>Na tw\u00f3j mail przyjdzie informacja o rejestracji i weryfikacji danych, kt\u00f3ra mo\u017ce potrwa\u0107 do 3 dni ale od razu otrzymasz sw\u00f3j ID.<\/p><p>Ciesz\u0119 si\u0119, ze jeste\u015b z nami!<\/p><h2>Elena Egorova<\/h2><p>Wokalistka, Trener G\u0142osu, Logopeda, autorka metody Emisji G\u0142osu EGOsing, Coach.<\/p><p><img loading=\"lazy\" decoding=\"async\" title=\"406666482_798510895413516_5039698666156492838_n\" src=\"https:\/\/egosing.pl\/biznes-atomy\/wp-content\/uploads\/2024\/02\/406666482_798510895413516_5039698666156492838_n.jpg\" alt=\"\" width=\"2048\" height=\"1365\" data-op3-attachment-id=\"3391\" \/><\/p><h2>Napisz do mnie by pomog\u0142am budowa\u0107 Tw\u00f3j Biznes!<\/h2><h2>Kontakt ze mn\u0105<\/h2><p>Wiem, \u017ce dla osoby kt\u00f3ra nie jest obeznana z komputerem rejestracja w Atomy mo\u017ce by\u0107 trudna, dlatego napisz do mnie a ja we wszystkim Tobie pomog\u0119!<\/p><p>Elena Egorova<\/p><p>+48 508 444 264<\/p><p>info@egorova.pl<\/p><p><a class=\"op3-link op3-background-ancestor\" href=\"#\" target=\"_self\" rel=\"noopener\" data-op-action=\"link\" data-op3-smooth-scroll=\"0\" data-op-effect-style=\"\" data-op-effect-style-hover=\"\">Wy\u015blij!<\/a><img loading=\"lazy\" decoding=\"async\" title=\"atomy1\" src=\"https:\/\/egosing.pl\/biznes-atomy\/wp-content\/uploads\/2024\/02\/atomy1.jpg\" alt=\"\" width=\"1258\" height=\"530\" data-op3-attachment-id=\"3503\" \/><\/p>\t\t\t\t\t\t<\/div>\n\t\t\t\t<\/div>\n\t\t\t\t\t<\/div>\n\t\t<\/div>\n\t\t\t\t\t<\/div>\n\t\t<\/section>\n\t\t\t\t<\/div>\n\t\t","protected":false},"excerpt":{"rendered":"<p>Zarejestruj si\u0119 na stronie na oficjalnej stronie Atomy Ni\u017cej znajdziesz dok\u0142adny opis KROK PO KROKU JAK zarejestrowa\u0107 si\u0119! Podczas rejestracji b\u0119d\u0105 potrzebne Twoje pe\u0142ne dane by mog\u0142e\u015b JAK NAJSZYBCIEJ otrzymywa\u0107 doch\u00f3d zgodnie z przepisami RP i wymaganiami Urz\u0119du Skarbowego. Przygotuj informacje: 1. E-mail\u00a0 (gmail.com, hotmail.com, yahoo.com, icloud.com) 2. Imie, Nazwisko, adres zamieszkania 3. Dokumenty: dow\u00f3d,<\/p>\n<div class=\"more-link\">\n\t\t\t\t <a href=\"https:\/\/egosing.pl\/biznes-atomy\/rejestracja\/\" class=\"btn theme-btn\"><span>Continue Reading <\/span><i class=\"icofont-thin-double-right\"><\/i><\/a>\n\t\t\t<\/div>\n","protected":false},"author":1,"featured_media":0,"parent":0,"menu_order":0,"comment_status":"closed","ping_status":"closed","template":"","meta":{"_eb_attr":"","footnotes":""},"class_list":["post-3812","page","type-page","status-publish","hentry"],"_links":{"self":[{"href":"https:\/\/egosing.pl\/biznes-atomy\/wp-json\/wp\/v2\/pages\/3812","targetHints":{"allow":["GET"]}}],"collection":[{"href":"https:\/\/egosing.pl\/biznes-atomy\/wp-json\/wp\/v2\/pages"}],"about":[{"href":"https:\/\/egosing.pl\/biznes-atomy\/wp-json\/wp\/v2\/types\/page"}],"author":[{"embeddable":true,"href":"https:\/\/egosing.pl\/biznes-atomy\/wp-json\/wp\/v2\/users\/1"}],"replies":[{"embeddable":true,"href":"https:\/\/egosing.pl\/biznes-atomy\/wp-json\/wp\/v2\/comments?post=3812"}],"version-history":[{"count":38,"href":"https:\/\/egosing.pl\/biznes-atomy\/wp-json\/wp\/v2\/pages\/3812\/revisions"}],"predecessor-version":[{"id":4085,"href":"https:\/\/egosing.pl\/biznes-atomy\/wp-json\/wp\/v2\/pages\/3812\/revisions\/4085"}],"wp:attachment":[{"href":"https:\/\/egosing.pl\/biznes-atomy\/wp-json\/wp\/v2\/media?parent=3812"}],"curies":[{"name":"wp","href":"https:\/\/api.w.org\/{rel}","templated":true}]}}