{"id":3888,"date":"2024-07-29T15:37:21","date_gmt":"2024-07-29T15:37:21","guid":{"rendered":"https:\/\/atomypolska.pl\/?page_id=3888"},"modified":"2024-11-26T23:02:21","modified_gmt":"2024-11-26T23:02:21","slug":"poczatek","status":"publish","type":"page","link":"https:\/\/egosing.pl\/biznes-atomy\/poczatek\/","title":{"rendered":"Pierwsze kroki"},"content":{"rendered":"\t\t<div data-elementor-type=\"wp-page\" data-elementor-id=\"3888\" class=\"elementor elementor-3888\">\n\t\t\t\t\t\t<section class=\"elementor-section elementor-top-section elementor-element elementor-element-32fb6b94 elementor-section-boxed elementor-section-height-default elementor-section-height-default\" data-id=\"32fb6b94\" data-element_type=\"section\">\n\t\t\t\t\t\t<div class=\"elementor-container elementor-column-gap-default\">\n\t\t\t\t\t<div class=\"elementor-column elementor-col-100 elementor-top-column elementor-element elementor-element-3eb29b8b\" data-id=\"3eb29b8b\" data-element_type=\"column\">\n\t\t\t<div class=\"elementor-widget-wrap elementor-element-populated\">\n\t\t\t\t\t\t<div class=\"elementor-element elementor-element-460b751 elementor-widget elementor-widget-text-editor\" data-id=\"460b751\" data-element_type=\"widget\" data-widget_type=\"text-editor.default\">\n\t\t\t\t<div class=\"elementor-widget-container\">\n\t\t\t\t\t\t\t<p>Jestem zarejestrowany!\u00a0 Co dalej?\u00a0<\/p><p>Jakie kroki mam przed sob\u0105 by zacz\u0105\u0107 zarabia\u0107?<\/p><p>Ni\u017cej znajdziesz odpowiedzi na swoje pierwsze pytania:<\/p>\t\t\t\t\t\t<\/div>\n\t\t\t\t<\/div>\n\t\t\t\t<div class=\"elementor-element elementor-element-a144b6c elementor-widget elementor-widget-video\" data-id=\"a144b6c\" data-element_type=\"widget\" data-settings=\"{&quot;youtube_url&quot;:&quot;https:\\\/\\\/www.youtube.com\\\/watch?v=2T9Z4LTuVAo&quot;,&quot;video_type&quot;:&quot;youtube&quot;,&quot;controls&quot;:&quot;yes&quot;}\" data-widget_type=\"video.default\">\n\t\t\t\t<div class=\"elementor-widget-container\">\n\t\t\t\t\t<div class=\"elementor-wrapper elementor-open-inline\">\n\t\t\t<div class=\"elementor-video\"><\/div>\t\t<\/div>\n\t\t\t\t<\/div>\n\t\t\t\t<\/div>\n\t\t\t\t<div class=\"elementor-element elementor-element-2828e3e6 elementor-widget elementor-widget-text-editor\" data-id=\"2828e3e6\" data-element_type=\"widget\" data-widget_type=\"text-editor.default\">\n\t\t\t\t<div class=\"elementor-widget-container\">\n\t\t\t\t\t\t\t<h1>Tw\u00f3j Biznes w 3 krokach:<\/h1><h2>1. Zmie\u0144 dostawc\u0119<\/h2><p>Codziennie u\u017cywasz produkty: past\u0119 do z\u0119b\u00f3w, szczoteczki, szampon, kremy i inne produkty wi\u0119c pierwsze dzia\u0142anie to zmiana miejsca zakupu. Poznaj produkty Atomy &#8211; ich jako\u015b\u0107 i cena Ci\u0119 zachwyci!\u00a0<\/p><p>W sklepie Atomy przeczytasz pe\u0142ne opisy pochodzenia sk\u0142adnik\u00f3w i dzia\u0142anie oraz zapoznasz si\u0119 z opiniami konsument\u00f3w.<\/p><h2>2. Nie ukrywaj swoje wra\u017cenia<\/h2><p>By zacz\u0105\u0107 zarabia\u0107 w Atomy Tobie trzeba budowa\u0107 tylko swoj\u0105 praw\u0105 struktur\u0119 &#8211; czyli podzieli\u0107 si\u0119 swoimi wra\u017ceniami z korzystania z produkt\u00f3w Atomy i zach\u0119ci\u0107 jak najwi\u0119cej os\u00f3b by zmienili dostawc\u0119 produkt\u00f3w, kt\u00f3re ka\u017cdy z nas u\u017cywa codziennie.<\/p><h2>3. B\u0105d\u017a dobrej my\u015bli<\/h2><p>Ten Biznes potrzebuje cierpliwo\u015bci. W zasadzie po prostu zmieniasz dostawc\u0119 i punkty na Twoim koncie b\u0119d\u0105 gromadzi\u0142y si\u0119. Teraz nie p\u0142acisz dodatkow\u0105 mar\u017ce dla w\u0142a\u015bciciela sklepu &#8211; ta mar\u017ca gromadzi si\u0119 na twoim koncie, to wska\u017anik\u00a0 statusu poziomu twojego zarobku. Aktywnie buduj swoj\u0105 praw\u0105 struktur\u0119 by tw\u00f3j biznes by\u0142 zr\u00f3wnowa\u017cony a wi\u0119c jak najbardziej owocny.<\/p><p>T\u0119 prac\u0119 mo\u017cna por\u00f3wna\u0107 to do wypracowania emerytury, tylko nie musisz na ni\u0105 pracowa\u0107 40 lat a tylko kilka.\u00a0<\/p><p><strong>Pytanie:<\/strong> jak du\u017c\u0105 wyp\u0142at\u0119 (emerytur\u0119) w Atomy chcesz zgromadzi\u0107?<\/p><p><strong>Odpowied\u017a:<\/strong> pracuj tak aktywnie by by\u0142o to adekwatne do kwoty, kt\u00f3r\u0105 okre\u015bli\u0142e\u015b w odpowiedzi na poprzednie pytanie!<\/p><p><strong>Masz pytania? Napisz do mnie: info@egorova.pl<\/strong><\/p>\t\t\t\t\t\t<\/div>\n\t\t\t\t<\/div>\n\t\t\t\t\t<\/div>\n\t\t<\/div>\n\t\t\t\t\t<\/div>\n\t\t<\/section>\n\t\t\t\t<\/div>\n\t\t","protected":false},"excerpt":{"rendered":"<p>Jestem zarejestrowany!\u00a0 Co dalej?\u00a0 Jakie kroki mam przed sob\u0105 by zacz\u0105\u0107 zarabia\u0107? Ni\u017cej znajdziesz odpowiedzi na swoje pierwsze pytania: https:\/\/www.youtube.com\/watch?v=2T9Z4LTuVAo Tw\u00f3j Biznes w 3 krokach: 1. Zmie\u0144 dostawc\u0119 Codziennie u\u017cywasz produkty: past\u0119 do z\u0119b\u00f3w, szczoteczki, szampon, kremy i inne produkty wi\u0119c pierwsze dzia\u0142anie to zmiana miejsca zakupu. Poznaj produkty Atomy &#8211; ich jako\u015b\u0107 i cena<\/p>\n<div class=\"more-link\">\n\t\t\t\t <a href=\"https:\/\/egosing.pl\/biznes-atomy\/poczatek\/\" class=\"btn theme-btn\"><span>Continue Reading <\/span><i class=\"icofont-thin-double-right\"><\/i><\/a>\n\t\t\t<\/div>\n","protected":false},"author":1,"featured_media":0,"parent":0,"menu_order":0,"comment_status":"closed","ping_status":"closed","template":"","meta":{"_eb_attr":"","footnotes":""},"class_list":["post-3888","page","type-page","status-publish","hentry"],"_links":{"self":[{"href":"https:\/\/egosing.pl\/biznes-atomy\/wp-json\/wp\/v2\/pages\/3888","targetHints":{"allow":["GET"]}}],"collection":[{"href":"https:\/\/egosing.pl\/biznes-atomy\/wp-json\/wp\/v2\/pages"}],"about":[{"href":"https:\/\/egosing.pl\/biznes-atomy\/wp-json\/wp\/v2\/types\/page"}],"author":[{"embeddable":true,"href":"https:\/\/egosing.pl\/biznes-atomy\/wp-json\/wp\/v2\/users\/1"}],"replies":[{"embeddable":true,"href":"https:\/\/egosing.pl\/biznes-atomy\/wp-json\/wp\/v2\/comments?post=3888"}],"version-history":[{"count":12,"href":"https:\/\/egosing.pl\/biznes-atomy\/wp-json\/wp\/v2\/pages\/3888\/revisions"}],"predecessor-version":[{"id":4079,"href":"https:\/\/egosing.pl\/biznes-atomy\/wp-json\/wp\/v2\/pages\/3888\/revisions\/4079"}],"wp:attachment":[{"href":"https:\/\/egosing.pl\/biznes-atomy\/wp-json\/wp\/v2\/media?parent=3888"}],"curies":[{"name":"wp","href":"https:\/\/api.w.org\/{rel}","templated":true}]}}